{"id":100,"date":"2026-03-23T15:58:25","date_gmt":"2026-03-23T15:58:25","guid":{"rendered":"https:\/\/realbaires.com\/?page_id=100"},"modified":"2026-03-31T17:50:32","modified_gmt":"2026-03-31T17:50:32","slug":"politica-de-cookies","status":"publish","type":"page","link":"https:\/\/realbaires.com\/index.php\/politica-de-cookies\/","title":{"rendered":"POL\u00cdTICA DE COOKIES"},"content":{"rendered":"<p>[et_pb_section fb_built=\u00bb1&#8243; custom_padding_last_edited=\u00bbon|tablet\u00bb _builder_version=\u00bb4.27.6&#8243; _module_preset=\u00bbdefault\u00bb use_background_color_gradient=\u00bbon\u00bb background_color_gradient_stops=\u00bbrgba(0,0,0,0.13) 0%|rgba(0,0,0,0.14) 100%\u00bb background_color_gradient_overlays_image=\u00bbon\u00bb background_image=\u00bbhttps:\/\/realbaires.com\/wp-content\/uploads\/2026\/03\/architect-26-hp6-icon-2-1.jpg\u00bb custom_margin=\u00bb0px||0px||false|false\u00bb custom_padding=\u00bb19vh||13vh||false|false\u00bb custom_padding_tablet=\u00bb140px||140px||true|false\u00bb custom_padding_phone=\u00bb95px||95px||true|false\u00bb animation_style=\u00bbfade\u00bb animation_duration=\u00bb650ms\u00bb animation_speed_curve=\u00bbease-in\u00bb global_colors_info=\u00bb{}\u00bb theme_builder_area=\u00bbpost_content\u00bb][et_pb_row _builder_version=\u00bb4.17.4&#8243; _module_preset=\u00bbdefault\u00bb width=\u00bb90%\u00bb max_width=\u00bb1250px\u00bb custom_margin=\u00bb0px||0px||false|false\u00bb custom_padding=\u00bb5px||0px||false|false\u00bb custom_css_main_element=\u00bbtext-align:center;\u00bb global_colors_info=\u00bb{}\u00bb theme_builder_area=\u00bbpost_content\u00bb][et_pb_column type=\u00bb4_4&#8243; _builder_version=\u00bb4.17.4&#8243; _module_preset=\u00bbdefault\u00bb global_colors_info=\u00bb{}\u00bb theme_builder_area=\u00bbpost_content\u00bb][et_pb_text _builder_version=\u00bb4.27.6&#8243; _module_preset=\u00bbdefault\u00bb header_4_font=\u00bbHind Siliguri|600||on|||||\u00bb header_4_text_align=\u00bbcenter\u00bb header_4_text_color=\u00bb#FFFFFF\u00bb header_4_font_size=\u00bb22px\u00bb custom_margin=\u00bb0px||6px||false|false\u00bb custom_padding=\u00bb0px||0px||false|false\u00bb animation_style=\u00bbfade\u00bb animation_duration=\u00bb200ms\u00bb animation_delay=\u00bb600ms\u00bb header_4_font_size_tablet=\u00bb22px\u00bb header_4_font_size_phone=\u00bb15px\u00bb header_4_font_size_last_edited=\u00bbon|phone\u00bb global_colors_info=\u00bb{}\u00bb theme_builder_area=\u00bbpost_content\u00bb]<\/p>\n<h4>REAL BAIRES<\/h4>\n<p>[\/et_pb_text][et_pb_text _builder_version=\u00bb4.27.6&#8243; _module_preset=\u00bbdefault\u00bb header_font=\u00bbHind Siliguri|700|||||||\u00bb header_text_align=\u00bbcenter\u00bb header_text_color=\u00bb#FFFFFF\u00bb header_font_size=\u00bb63px\u00bb header_line_height=\u00bb1.4em\u00bb text_orientation=\u00bbcenter\u00bb max_width=\u00bb69%\u00bb module_alignment=\u00bbcenter\u00bb custom_margin=\u00bb0px||10px||false|false\u00bb custom_padding=\u00bb0px||0px||false|false\u00bb animation_style=\u00bbfade\u00bb animation_duration=\u00bb200ms\u00bb animation_delay=\u00bb800ms\u00bb animation_speed_curve=\u00bbease-in\u00bb header_font_size_tablet=\u00bb50px\u00bb header_font_size_phone=\u00bb30px\u00bb header_font_size_last_edited=\u00bbon|tablet\u00bb header_letter_spacing_tablet=\u00bb-2px\u00bb header_letter_spacing_phone=\u00bb-2px\u00bb header_letter_spacing_last_edited=\u00bbon|phone\u00bb global_colors_info=\u00bb{}\u00bb theme_builder_area=\u00bbpost_content\u00bb]<\/p>\n<h1><strong>Inmobiliaria especializada en Madrid Sur y Norte de Toledo<\/strong><\/h1>\n<p>[\/et_pb_text][\/et_pb_column][\/et_pb_row][et_pb_row _builder_version=\u00bb4.27.6&#8243; _module_preset=\u00bbdefault\u00bb width=\u00bb90%\u00bb max_width=\u00bb1250px\u00bb custom_css_main_element=\u00bbtext-align:center;\u00bb global_colors_info=\u00bb{}\u00bb theme_builder_area=\u00bbpost_content\u00bb][et_pb_column type=\u00bb4_4&#8243; _builder_version=\u00bb4.17.4&#8243; _module_preset=\u00bbdefault\u00bb global_colors_info=\u00bb{}\u00bb theme_builder_area=\u00bbpost_content\u00bb][et_pb_button button_url=\u00bb#yithpopup\u00bb button_text=\u00bb\u00bfDudas? te llamamos \u00bb button_alignment=\u00bbcenter\u00bb _builder_version=\u00bb4.27.6&#8243; _module_preset=\u00bbdefault\u00bb custom_button=\u00bbon\u00bb button_text_color=\u00bb#FFFFFF\u00bb button_bg_color=\u00bb#040059&#8243; button_border_width=\u00bb1px\u00bb button_border_radius=\u00bb0px\u00bb button_letter_spacing=\u00bb2px\u00bb button_icon=\u00bb&#x62;||divi||400&#8243; custom_padding=\u00bb|44px||44px|false|true\u00bb global_colors_info=\u00bb{}\u00bb theme_builder_area=\u00bbpost_content\u00bb][\/et_pb_button][\/et_pb_column][\/et_pb_row][et_pb_row _builder_version=\u00bb4.27.6&#8243; _module_preset=\u00bbdefault\u00bb width=\u00bb90%\u00bb max_width=\u00bb1250px\u00bb custom_margin=\u00bb0px||0px||false|false\u00bb custom_padding=\u00bb32px||0px||false|false\u00bb custom_css_main_element=\u00bbtext-align:center;\u00bb global_colors_info=\u00bb{}\u00bb theme_builder_area=\u00bbpost_content\u00bb][et_pb_column type=\u00bb4_4&#8243; _builder_version=\u00bb4.17.4&#8243; _module_preset=\u00bbdefault\u00bb global_colors_info=\u00bb{}\u00bb theme_builder_area=\u00bbpost_content\u00bb][et_pb_image src=\u00bbhttps:\/\/realbaires.com\/wp-content\/uploads\/2026\/03\/002-HAZ-QUE-SUCEDA-REAL-BAIRES.png\u00bb title_text=\u00bb002-HAZ QUE SUCEDA-REAL-BAIRES\u00bb align=\u00bbcenter\u00bb _builder_version=\u00bb4.27.6&#8243; _module_preset=\u00bbdefault\u00bb width=\u00bb31%\u00bb global_colors_info=\u00bb{}\u00bb theme_builder_area=\u00bbpost_content\u00bb][\/et_pb_image][\/et_pb_column][\/et_pb_row][\/et_pb_section][et_pb_section fb_built=\u00bb1&#8243; custom_padding_last_edited=\u00bbon|phone\u00bb _builder_version=\u00bb4.17.4&#8243; _module_preset=\u00bbdefault\u00bb custom_margin=\u00bb0px||0px||false|false\u00bb custom_padding=\u00bb100px||72px||false|false\u00bb custom_padding_tablet=\u00bb100px||100px||false|false\u00bb custom_padding_phone=\u00bb80px||80px||false|false\u00bb global_colors_info=\u00bb{}\u00bb theme_builder_area=\u00bbpost_content\u00bb][et_pb_row _builder_version=\u00bb4.27.6&#8243; _module_preset=\u00bbdefault\u00bb width=\u00bb90%\u00bb max_width=\u00bb1250px\u00bb global_colors_info=\u00bb{}\u00bb theme_builder_area=\u00bbpost_content\u00bb][et_pb_column type=\u00bb4_4&#8243; _builder_version=\u00bb4.17.4&#8243; _module_preset=\u00bbdefault\u00bb global_colors_info=\u00bb{}\u00bb theme_builder_area=\u00bbpost_content\u00bb][et_pb_text content_tablet=\u00bb<\/p>\n<h2>Most Experienced Builders<br \/>Architects &#038; Designers<\/h2>\n<p>\u00bb content_phone=\u00bb<\/p>\n<h2>Most Experienced Builders Architects &#038; Designers<\/h2>\n<p>\u00bb content_last_edited=\u00bboff|desktop\u00bb _builder_version=\u00bb4.27.6&#8243; _module_preset=\u00bbdefault\u00bb header_2_font=\u00bbHind Siliguri|700|||||||\u00bb header_2_text_align=\u00bbcenter\u00bb header_2_text_color=\u00bb#040059&#8243; header_2_font_size=\u00bb43px\u00bb header_2_line_height=\u00bb1.3em\u00bb max_width=\u00bb564px\u00bb module_alignment=\u00bbcenter\u00bb custom_margin=\u00bb0px||0px||false|false\u00bb custom_padding=\u00bb0px||0px||false|false\u00bb hover_enabled=\u00bb0&#8243; header_2_font_size_tablet=\u00bb35px\u00bb header_2_font_size_phone=\u00bb30px\u00bb header_2_font_size_last_edited=\u00bbon|tablet\u00bb global_colors_info=\u00bb{}\u00bb theme_builder_area=\u00bbpost_content\u00bb sticky_enabled=\u00bb0&#8243;]<\/p>\n<h2>POL\u00cdTICA DE COOKIES<\/h2>\n<p>[\/et_pb_text][\/et_pb_column][\/et_pb_row][et_pb_row use_custom_gutter=\u00bbon\u00bb gutter_width=\u00bb2&#8243; _builder_version=\u00bb4.27.6&#8243; _module_preset=\u00bbdefault\u00bb width=\u00bb90%\u00bb max_width=\u00bb1240px\u00bb global_colors_info=\u00bb{}\u00bb theme_builder_area=\u00bbpost_content\u00bb][et_pb_column type=\u00bb4_4&#8243; _builder_version=\u00bb4.17.4&#8243; _module_preset=\u00bbdefault\u00bb global_colors_info=\u00bb{}\u00bb theme_builder_area=\u00bbpost_content\u00bb][et_pb_text _builder_version=\u00bb4.27.6&#8243; _module_preset=\u00bbdefault\u00bb text_font=\u00bbHind Siliguri||||||||\u00bb text_font_size=\u00bb19px\u00bb text_line_height=\u00bb1.5em\u00bb hover_enabled=\u00bb0&#8243; global_colors_info=\u00bb{}\u00bb theme_builder_area=\u00bbpost_content\u00bb sticky_enabled=\u00bb0&#8243;]<\/p>\n<header class=\"text-center\" style=\"box-sizing: border-box; font-family: Roboto, sans-serif; text-align: center !important; color: #212529; font-size: 16px; font-style: normal; font-variant-ligatures: normal; font-variant-caps: normal; font-weight: 400; letter-spacing: normal; orphans: 2; text-indent: 0px; text-transform: none; widows: 2; word-spacing: 0px; -webkit-text-stroke-width: 0px; white-space: normal; text-decoration-thickness: initial; text-decoration-style: initial; text-decoration-color: initial;\">\n<h4 style=\"box-sizing: border-box; font-family: Lato, sans-serif; margin-top: 0px; margin-bottom: 0.5rem; font-weight: bold; line-height: 1.4em; color: #212529; font-size: 1.5rem;\"><span class=\"blanc-space ng-binding\" style=\"box-sizing: border-box; font-family: Roboto, sans-serif; display: inline-block; min-width: 150px; border-bottom: 1px solid #000000;\">www.realbaires.com<\/span><\/h4>\n<\/header>\n<div style=\"box-sizing: border-box; font-family: Roboto, sans-serif; color: #212529; font-size: 16px; font-style: normal; font-variant-ligatures: normal; font-variant-caps: normal; font-weight: 400; letter-spacing: normal; orphans: 2; text-align: start; text-indent: 0px; text-transform: none; widows: 2; word-spacing: 0px; -webkit-text-stroke-width: 0px; white-space: normal; text-decoration-thickness: initial; text-decoration-style: initial; text-decoration-color: initial;\">\n<p style=\"box-sizing: border-box; font-family: Roboto, sans-serif; margin-top: 0px; margin-bottom: 1rem; line-height: 1.7rem; color: #212529; font-size: 16px; font-style: normal; font-variant-ligatures: normal; font-variant-caps: normal; font-weight: 400; letter-spacing: normal; orphans: 2; text-align: start; text-indent: 0px; text-transform: none; widows: 2; word-spacing: 0px; -webkit-text-stroke-width: 0px; white-space: normal; background-color: #ffffff; text-decoration-thickness: initial; text-decoration-style: initial; text-decoration-color: initial;\">El acceso a este Sitio Web puede implicar la utilizaci\u00f3n de cookies. Las cookies son peque\u00f1as cantidades de informaci\u00f3n que se almacenan en el navegador utilizado por cada Usuario \u2014en los distintos dispositivos que pueda utilizar para navegar\u2014 para que el servidor recuerde cierta informaci\u00f3n que posteriormente y \u00fanicamente el servidor que la implement\u00f3 leer\u00e1. Las cookies facilitan la navegaci\u00f3n, la hacen m\u00e1s amigable, y no da\u00f1an el dispositivo de navegaci\u00f3n.<\/p>\n<p style=\"box-sizing: border-box; font-family: Roboto, sans-serif; margin-top: 0px; margin-bottom: 1rem; line-height: 1.7rem; color: #212529; font-size: 16px; font-style: normal; font-variant-ligatures: normal; font-variant-caps: normal; font-weight: 400; letter-spacing: normal; orphans: 2; text-align: start; text-indent: 0px; text-transform: none; widows: 2; word-spacing: 0px; -webkit-text-stroke-width: 0px; white-space: normal; background-color: #ffffff; text-decoration-thickness: initial; text-decoration-style: initial; text-decoration-color: initial;\">Las cookies son procedimientos autom\u00e1ticos de recogida de informaci\u00f3n relativa a las preferencias determinadas por el Usuario durante su visita al Sitio Web con el fin de reconocerlo como Usuario, y personalizar su experiencia y el uso del Sitio Web, y pueden tambi\u00e9n, por ejemplo, ayudar a identificar y resolver errores.<\/p>\n<p style=\"box-sizing: border-box; font-family: Roboto, sans-serif; margin-top: 0px; margin-bottom: 1rem; line-height: 1.7rem; color: #212529; font-size: 16px; font-style: normal; font-variant-ligatures: normal; font-variant-caps: normal; font-weight: 400; letter-spacing: normal; orphans: 2; text-align: start; text-indent: 0px; text-transform: none; widows: 2; word-spacing: 0px; -webkit-text-stroke-width: 0px; white-space: normal; background-color: #ffffff; text-decoration-thickness: initial; text-decoration-style: initial; text-decoration-color: initial;\">La informaci\u00f3n recabada a trav\u00e9s de las cookies puede incluir la fecha y hora de visitas al Sitio Web, las p\u00e1ginas visionadas, el tiempo que ha estado en el Sitio Web y los sitios visitados justo antes y despu\u00e9s del mismo. Sin embargo, ninguna cookie permite que esta misma pueda contactarse con el n\u00famero de tel\u00e9fono del Usuario o con cualquier otro medio de contacto personal. Ninguna cookie puede extraer informaci\u00f3n del disco duro del Usuario o robar informaci\u00f3n personal. La \u00fanica manera de que la informaci\u00f3n privada del Usuario forme parte del archivo Cookie es que el usuario d\u00e9 personalmente esa informaci\u00f3n al servidor.<\/p>\n<p style=\"box-sizing: border-box; font-family: Roboto, sans-serif; margin-top: 0px; margin-bottom: 1rem; line-height: 1.7rem; color: #212529; font-size: 16px; font-style: normal; font-variant-ligatures: normal; font-variant-caps: normal; font-weight: 400; letter-spacing: normal; orphans: 2; text-align: start; text-indent: 0px; text-transform: none; widows: 2; word-spacing: 0px; -webkit-text-stroke-width: 0px; white-space: normal; background-color: #ffffff; text-decoration-thickness: initial; text-decoration-style: initial; text-decoration-color: initial;\">Las cookies que permiten identificar a una persona se consideran datos personales. Por tanto, a las mismas les ser\u00e1 de aplicaci\u00f3n la Pol\u00edtica de Privacidad anteriormente descrita. En este sentido, para la utilizaci\u00f3n de las mismas ser\u00e1 necesario el consentimiento del Usuario. Este consentimiento ser\u00e1 comunicado, en base a una elecci\u00f3n aut\u00e9ntica, ofrecido mediante una decisi\u00f3n afirmativa y positiva, antes del tratamiento inicial, removible y documentado.<\/p>\n<div ng-show=\"hasPersonalCookies == 'S\u00ed'\" class=\"\" style=\"box-sizing: border-box; font-family: Roboto, sans-serif; color: #212529; font-size: 16px; font-style: normal; font-variant-ligatures: normal; font-variant-caps: normal; font-weight: 400; letter-spacing: normal; orphans: 2; text-align: start; text-indent: 0px; text-transform: none; widows: 2; word-spacing: 0px; -webkit-text-stroke-width: 0px; white-space: normal; background-color: #ffffff; text-decoration-thickness: initial; text-decoration-style: initial; text-decoration-color: initial;\">\n<h4 style=\"box-sizing: border-box; font-family: Lato, sans-serif; margin-top: 0px; margin-bottom: 0.5rem; font-weight: bold; line-height: 1.4em; color: #212529; font-size: 1.5rem;\">Cookies propias<\/h4>\n<p style=\"box-sizing: border-box; font-family: Roboto, sans-serif; margin-top: 0px; margin-bottom: 1rem; line-height: 1.7rem;\">Son aquellas cookies que son enviadas al ordenador o dispositivo del Usuario y gestionadas exclusivamente por<span>\u00a0<\/span><span class=\"blanc-space ng-binding\" style=\"box-sizing: border-box; font-family: Roboto, sans-serif; display: inline-block; min-width: 150px; border-bottom: 1px solid #000000;\">Real Baires Inmobiliaria<\/span><span>\u00a0<\/span>para el mejor funcionamiento del Sitio Web. La informaci\u00f3n que se recaba se emplea para mejorar la calidad del Sitio Web y su Contenido y su experiencia como Usuario. Estas cookies permiten reconocer al Usuario como visitante recurrente del Sitio Web y adaptar el contenido para ofrecerle contenidos que se ajusten a sus preferencias.<\/p>\n<\/div>\n<div ng-show=\"hasSocial == 'S\u00ed'\" class=\"\" style=\"box-sizing: border-box; font-family: Roboto, sans-serif; color: #212529; font-size: 16px; font-style: normal; font-variant-ligatures: normal; font-variant-caps: normal; font-weight: 400; letter-spacing: normal; orphans: 2; text-align: start; text-indent: 0px; text-transform: none; widows: 2; word-spacing: 0px; -webkit-text-stroke-width: 0px; white-space: normal; background-color: #ffffff; text-decoration-thickness: initial; text-decoration-style: initial; text-decoration-color: initial;\">\n<h4 style=\"box-sizing: border-box; font-family: Lato, sans-serif; margin-top: 0px; margin-bottom: 0.5rem; font-weight: bold; line-height: 1.4em; color: #212529; font-size: 1.5rem;\">Cookies de redes sociales<\/h4>\n<p style=\"box-sizing: border-box; font-family: Roboto, sans-serif; margin-top: 0px; margin-bottom: 1rem; line-height: 1.7rem;\"><span class=\"blanc-space ng-binding\" style=\"box-sizing: border-box; font-family: Roboto, sans-serif; display: inline-block; min-width: 150px; border-bottom: 1px solid #000000;\">Real Baires Inmobiliaria<\/span><span>\u00a0<\/span>incorpora plugins de redes sociales, que permiten acceder a las mismas a partir del Sitio Web. Por esta raz\u00f3n, las cookies de redes sociales pueden almacenarse en el navegador del Usuario. Los titulares de dichas redes sociales disponen de sus propias pol\u00edticas de protecci\u00f3n de datos y de cookies, siendo ellos mismos, en cada caso, responsables de sus propios ficheros y de sus propias pr\u00e1cticas de privacidad. El Usuario debe referirse a las mismas para informarse acerca de dichas cookies y, en su caso, del tratamiento de sus datos personales. \u00danicamente a t\u00edtulo informativo se indican a continuaci\u00f3n los enlaces en los que se pueden consultar dichas pol\u00edticas de privacidad y\/o de cookies:<\/p>\n<ul style=\"box-sizing: border-box; font-family: Roboto, sans-serif; padding-left: 2rem; margin-top: 0px; margin-bottom: 1rem;\">\n<li style=\"box-sizing: border-box; font-family: Roboto, sans-serif;\">Facebook:<span>\u00a0<\/span><a class=\"text-info\" href=\"https:\/\/www.facebook.com\/policies\/cookies\/\" style=\"box-sizing: border-box; font-family: Roboto, sans-serif; color: #0dcaf0 !important; text-decoration: underline; --bs-text-opacity: 1;\">https:\/\/www.facebook.com\/policies\/cookies\/<\/a><\/li>\n<li style=\"box-sizing: border-box; font-family: Roboto, sans-serif;\">Twitter:<span>\u00a0<\/span><a class=\"text-info\" href=\"https:\/\/twitter.com\/es\/privacy\" style=\"box-sizing: border-box; font-family: Roboto, sans-serif; color: #0dcaf0 !important; text-decoration: underline; --bs-text-opacity: 1;\">https:\/\/twitter.com\/es\/privacy<\/a><\/li>\n<li style=\"box-sizing: border-box; font-family: Roboto, sans-serif;\">Instagram:<span>\u00a0<\/span><a class=\"text-info\" href=\"https:\/\/help.instagram.com\/1896641480634370?ref=ig\" style=\"box-sizing: border-box; font-family: Roboto, sans-serif; color: #0dcaf0 !important; text-decoration: underline; --bs-text-opacity: 1;\">https:\/\/help.instagram.com\/1896641480634370?ref=ig<\/a><\/li>\n<li style=\"box-sizing: border-box; font-family: Roboto, sans-serif;\">YouTube:<span>\u00a0<\/span><a class=\"text-info\" href=\"https:\/\/policies.google.com\/privacy?hl=es-419&amp;gl=mx\" style=\"box-sizing: border-box; font-family: Roboto, sans-serif; color: #0dcaf0 !important; text-decoration: underline; --bs-text-opacity: 1;\">https:\/\/policies.google.com\/privacy?hl=es-419&amp;gl=mx<\/a><\/li>\n<li style=\"box-sizing: border-box; font-family: Roboto, sans-serif;\">Pinterest:<span>\u00a0<\/span><a class=\"text-info\" href=\"https:\/\/policy.pinterest.com\/es\/privacy-policy\" style=\"box-sizing: border-box; font-family: Roboto, sans-serif; color: #0dcaf0 !important; text-decoration: underline; --bs-text-opacity: 1;\">https:\/\/policy.pinterest.com\/es\/privacy-policy<\/a><\/li>\n<li style=\"box-sizing: border-box; font-family: Roboto, sans-serif;\">LinkedIn:<span>\u00a0<\/span><a class=\"text-info\" href=\"https:\/\/www.linkedin.com\/legal\/cookie-policy?trk=hp-cookies\" style=\"box-sizing: border-box; font-family: Roboto, sans-serif; color: #0dcaf0 !important; text-decoration: underline; --bs-text-opacity: 1;\">https:\/\/www.linkedin.com\/legal\/cookie-policy?trk=hp-cookies<\/a><\/li>\n<\/ul>\n<\/div>\n<h4 style=\"box-sizing: border-box; font-family: Lato, sans-serif; margin-top: 0px; margin-bottom: 0.5rem; font-weight: bold; line-height: 1.4em; color: #212529; font-size: 1.5rem; font-style: normal; font-variant-ligatures: normal; font-variant-caps: normal; letter-spacing: normal; orphans: 2; text-align: start; text-indent: 0px; text-transform: none; widows: 2; word-spacing: 0px; -webkit-text-stroke-width: 0px; white-space: normal; background-color: #ffffff; text-decoration-thickness: initial; text-decoration-style: initial; text-decoration-color: initial;\">Deshabilitar, rechazar y eliminar cookies<\/h4>\n<p style=\"box-sizing: border-box; font-family: Roboto, sans-serif; margin-top: 0px; margin-bottom: 1rem; line-height: 1.7rem; color: #212529; font-size: 16px; font-style: normal; font-variant-ligatures: normal; font-variant-caps: normal; font-weight: 400; letter-spacing: normal; orphans: 2; text-align: start; text-indent: 0px; text-transform: none; widows: 2; word-spacing: 0px; -webkit-text-stroke-width: 0px; white-space: normal; background-color: #ffffff; text-decoration-thickness: initial; text-decoration-style: initial; text-decoration-color: initial;\">El Usuario puede deshabilitar, rechazar y eliminar las cookies \u2014total o parcialmente\u2014 instaladas en su dispositivo mediante la configuraci\u00f3n de su navegador (entre los que se encuentran, por ejemplo, Chrome, Firefox, Safari, Explorer). En este sentido, los procedimientos para rechazar y eliminar las cookies pueden diferir de un navegador de Internet a otro. En consecuencia, el Usuario debe acudir a las instrucciones facilitadas por el propio navegador de Internet que est\u00e9 utilizando. En el supuesto de que rechace el uso de cookies \u2014total o parcialmente\u2014 podr\u00e1 seguir usando el Sitio Web, si bien podr\u00e1 tener limitada la utilizaci\u00f3n de algunas de las prestaciones del mismo.<\/p>\n<\/div>\n<p>[\/et_pb_text][\/et_pb_column][\/et_pb_row][\/et_pb_section]<\/p>\n","protected":false},"excerpt":{"rendered":"<p>REAL BAIRESInmobiliaria especializada en Madrid Sur y Norte de ToledoPOL\u00cdTICA DE COOKIES www.realbaires.com El acceso a este Sitio Web puede implicar la utilizaci\u00f3n de cookies. Las cookies son peque\u00f1as cantidades de informaci\u00f3n que se almacenan en el navegador utilizado por cada Usuario \u2014en los distintos dispositivos que pueda utilizar para navegar\u2014 para que el servidor [&hellip;]<\/p>\n","protected":false},"author":1,"featured_media":0,"parent":0,"menu_order":0,"comment_status":"closed","ping_status":"closed","template":"","meta":{"_et_pb_use_builder":"on","_et_pb_old_content":"","_et_gb_content_width":"","_joinchat":[],"footnotes":""},"class_list":["post-100","page","type-page","status-publish","hentry"],"_links":{"self":[{"href":"https:\/\/realbaires.com\/index.php\/wp-json\/wp\/v2\/pages\/100","targetHints":{"allow":["GET"]}}],"collection":[{"href":"https:\/\/realbaires.com\/index.php\/wp-json\/wp\/v2\/pages"}],"about":[{"href":"https:\/\/realbaires.com\/index.php\/wp-json\/wp\/v2\/types\/page"}],"author":[{"embeddable":true,"href":"https:\/\/realbaires.com\/index.php\/wp-json\/wp\/v2\/users\/1"}],"replies":[{"embeddable":true,"href":"https:\/\/realbaires.com\/index.php\/wp-json\/wp\/v2\/comments?post=100"}],"version-history":[{"count":2,"href":"https:\/\/realbaires.com\/index.php\/wp-json\/wp\/v2\/pages\/100\/revisions"}],"predecessor-version":[{"id":485,"href":"https:\/\/realbaires.com\/index.php\/wp-json\/wp\/v2\/pages\/100\/revisions\/485"}],"wp:attachment":[{"href":"https:\/\/realbaires.com\/index.php\/wp-json\/wp\/v2\/media?parent=100"}],"curies":[{"name":"wp","href":"https:\/\/api.w.org\/{rel}","templated":true}]}}